{"id":748,"date":"2019-04-30T21:10:25","date_gmt":"2019-04-30T21:10:25","guid":{"rendered":"http:\/\/pesdescalcoscc.org\/?post_type=product&#038;p=748"},"modified":"2019-07-03T14:54:36","modified_gmt":"2019-07-03T14:54:36","slug":"livro-a-concha-magica","status":"publish","type":"product","link":"https:\/\/pesdescalcoscc.org\/en\/product\/livro-a-concha-magica\/","title":{"rendered":"A Concha M\u00e1gica"},"content":{"rendered":"<p><strong>A Concha M\u00e1gica<\/strong><\/p>\n<p>&#8220;<strong>A Concha M\u00e1gica<\/strong>&#8221; de Jos\u00e9 Eduardo Agualusa conta sobre Nketa, que anpanhou um terr\u00edvel susto quando chegou a primeira menstrua\u00e7\u00e3o.<\/p>\n<p>&#8220;HIST\u00d3RIAS KAMBUTAS&#8221; \u00e9 um projecto do\u00a0<b>Goethe-Institut Angola\u00a0<\/b>em parceria com o colectivo cultural <b>P\u00e9s Descal\u00e7os<\/b>,\u00a0baseado na ideia original do &#8220;Book Dash&#8221; que \u00e9 realizado na \u00c1frica do Sul. O projecto tem como objectivo a cria\u00e7\u00e3o de livros com hist\u00f3rias infantis enquadradas na realidade local, a partir de uma maratona de 12 horas de trabalho, onde no mesmo espa\u00e7o 3 equipas constitu\u00eddas cada por um escritor, um ilustrador e designer gr\u00e1fico criem e desenvolvam o seu projecto para um livro com uma hist\u00f3ria para crian\u00e7as.<\/p>\n<p><a href=\"https:\/\/pesdescalcoscc.org\/wp2022\/wp-content\/uploads\/2019\/04\/A-CONCHA-M\u00c1GICA.pdf\" target=\"_blank\" rel=\"noopener noreferrer\">Descarregue gratuitamente a vers\u00e3o PDF do livro \u00a0aqui.<\/a><\/p>\n","protected":false},"excerpt":{"rendered":"<p>&#8220;A Concha M\u00e1gica&#8221; de Jos\u00e9 Eduardo Agualusa conta sobre Nketa, que anpanhou um terr\u00edvel susto quando chegou a primeira menstrua\u00e7\u00e3o.<\/p>\n","protected":false},"featured_media":995,"template":"","meta":[],"product_cat":[88],"product_tag":[],"_links":{"self":[{"href":"https:\/\/pesdescalcoscc.org\/en\/wp-json\/wp\/v2\/product\/748"}],"collection":[{"href":"https:\/\/pesdescalcoscc.org\/en\/wp-json\/wp\/v2\/product"}],"about":[{"href":"https:\/\/pesdescalcoscc.org\/en\/wp-json\/wp\/v2\/types\/product"}],"wp:featuredmedia":[{"embeddable":true,"href":"https:\/\/pesdescalcoscc.org\/en\/wp-json\/wp\/v2\/media\/995"}],"wp:attachment":[{"href":"https:\/\/pesdescalcoscc.org\/en\/wp-json\/wp\/v2\/media?parent=748"}],"wp:term":[{"taxonomy":"product_cat","embeddable":true,"href":"https:\/\/pesdescalcoscc.org\/en\/wp-json\/wp\/v2\/product_cat?post=748"},{"taxonomy":"product_tag","embeddable":true,"href":"https:\/\/pesdescalcoscc.org\/en\/wp-json\/wp\/v2\/product_tag?post=748"}],"curies":[{"name":"wp","href":"https:\/\/api.w.org\/{rel}","templated":true}]}}