{"id":691,"date":"2019-04-03T16:48:01","date_gmt":"2019-04-03T16:48:01","guid":{"rendered":"http:\/\/pesdescalcoscc.org\/?post_type=product&#038;p=691"},"modified":"2019-07-04T09:19:37","modified_gmt":"2019-07-04T09:19:37","slug":"livro-kambuta-grande","status":"publish","type":"product","link":"https:\/\/pesdescalcoscc.org\/en\/product\/livro-kambuta-grande\/","title":{"rendered":"Kambuta Grande"},"content":{"rendered":"<p><strong>Kambuta Grande<\/strong><\/p>\n<p>A hero\u00edna da hist\u00f3ria da Cynthia Perez, &#8220;<strong>Kambuta Grande<\/strong>&#8220;, \u00e9 uma menina bem baixinha, que chama-se Bela. Ela n\u00e3o tem s\u00f3 um super-poder, mais tamb\u00e9m um cora\u00e7\u00e3o grande.<\/p>\n<p>&#8220;HIST\u00d3RIAS KAMBUTAS&#8221; \u00e9 um projecto do\u00a0<strong>Goethe-Institut Angola\u00a0<\/strong>em parceria com o colectivo cultural\u00a0<strong>P\u00e9s Descal\u00e7os<\/strong>,\u00a0baseado na ideia original do &#8220;Book Dash&#8221; que \u00e9 realizado na \u00c1frica do Sul. O projecto tem como objectivo a cria\u00e7\u00e3o de livros com hist\u00f3rias infantis enquadradas na realidade local, a partir de uma maratona de 12 horas de trabalho, onde no mesmo espa\u00e7o 3 equipas constitu\u00eddas cada por um escritor, um ilustrador e designer gr\u00e1fico criem e desenvolvam o seu projecto para um livro com uma hist\u00f3ria para crian\u00e7as.<\/p>\n<p><a href=\"https:\/\/pesdescalcoscc.org\/wp2022\/wp-content\/uploads\/2019\/04\/KAMBUTA-GRANDE.pdf\" target=\"_blank\" rel=\"noopener noreferrer\">Descarregue\u00a0gratuitamente\u00a0a vers\u00e3o PDF do livro \u00a0aqui<\/a>.<\/p>\n","protected":false},"excerpt":{"rendered":"<p>A hero\u00edna da hist\u00f3ria da Cynthia Perez, &#8220;Kambuta Grande&#8221;, \u00e9 uma menina bem baixinha, que chama-se Bela.<\/p>\n","protected":false},"featured_media":997,"template":"","meta":[],"product_cat":[88],"product_tag":[],"_links":{"self":[{"href":"https:\/\/pesdescalcoscc.org\/en\/wp-json\/wp\/v2\/product\/691"}],"collection":[{"href":"https:\/\/pesdescalcoscc.org\/en\/wp-json\/wp\/v2\/product"}],"about":[{"href":"https:\/\/pesdescalcoscc.org\/en\/wp-json\/wp\/v2\/types\/product"}],"wp:featuredmedia":[{"embeddable":true,"href":"https:\/\/pesdescalcoscc.org\/en\/wp-json\/wp\/v2\/media\/997"}],"wp:attachment":[{"href":"https:\/\/pesdescalcoscc.org\/en\/wp-json\/wp\/v2\/media?parent=691"}],"wp:term":[{"taxonomy":"product_cat","embeddable":true,"href":"https:\/\/pesdescalcoscc.org\/en\/wp-json\/wp\/v2\/product_cat?post=691"},{"taxonomy":"product_tag","embeddable":true,"href":"https:\/\/pesdescalcoscc.org\/en\/wp-json\/wp\/v2\/product_tag?post=691"}],"curies":[{"name":"wp","href":"https:\/\/api.w.org\/{rel}","templated":true}]}}