{"id":689,"date":"2019-04-03T16:39:58","date_gmt":"2019-04-03T16:39:58","guid":{"rendered":"http:\/\/pesdescalcoscc.org\/?post_type=product&#038;p=689"},"modified":"2019-07-04T09:52:36","modified_gmt":"2019-07-04T09:52:36","slug":"livro-atlantica-copy","status":"publish","type":"product","link":"https:\/\/pesdescalcoscc.org\/en\/product\/livro-atlantica-copy\/","title":{"rendered":"O Rio Infinito"},"content":{"rendered":"<p><strong>O Rio Infinito<\/strong><\/p>\n<p>A hist\u00f3ria do Mia Couto, &#8220;<strong>O Rio Infinito<\/strong>&#8220;, \u00e9 inspirada em uma lenda africana e versa sobre o poder e a magia da arte.<\/p>\n<p>&#8220;HIST\u00d3RIAS KAMBUTAS&#8221; \u00e9 um projecto do\u00a0<strong>Goethe-Institut Angola\u00a0<\/strong>em parceria com o colectivo cultural\u00a0<strong>P\u00e9s Descal\u00e7os<\/strong>,\u00a0baseado na ideia original do &#8220;Book Dash&#8221; que \u00e9 realizado na \u00c1frica do Sul. O projecto tem como objectivo a cria\u00e7\u00e3o de livros com hist\u00f3rias infantis enquadradas na realidade local, a partir de uma maratona de 12 horas de trabalho, onde no mesmo espa\u00e7o 3 equipas constitu\u00eddas cada por um escritor, um ilustrador e designer gr\u00e1fico criem e desenvolvam o seu projecto para um livro com uma hist\u00f3ria para crian\u00e7as.<\/p>\n<p><a href=\"https:\/\/pesdescalcoscc.org\/wp2022\/wp-content\/uploads\/2019\/04\/O-RIO-INFINITO.pdf\" target=\"_blank\" rel=\"noopener noreferrer\">Descarregue\u00a0gratuitamente\u00a0a vers\u00e3o PDF do livro aqui<\/a>.<\/p>\n","protected":false},"excerpt":{"rendered":"<p>A hist\u00f3ria do Mia Couto, &#8220;O Rio Infinito&#8221;, \u00e9 inspirada em uma lenda africana e versa sobre o poder e a magia da arte.<\/p>\n","protected":false},"featured_media":999,"template":"","meta":[],"product_cat":[88],"product_tag":[],"_links":{"self":[{"href":"https:\/\/pesdescalcoscc.org\/en\/wp-json\/wp\/v2\/product\/689"}],"collection":[{"href":"https:\/\/pesdescalcoscc.org\/en\/wp-json\/wp\/v2\/product"}],"about":[{"href":"https:\/\/pesdescalcoscc.org\/en\/wp-json\/wp\/v2\/types\/product"}],"wp:featuredmedia":[{"embeddable":true,"href":"https:\/\/pesdescalcoscc.org\/en\/wp-json\/wp\/v2\/media\/999"}],"wp:attachment":[{"href":"https:\/\/pesdescalcoscc.org\/en\/wp-json\/wp\/v2\/media?parent=689"}],"wp:term":[{"taxonomy":"product_cat","embeddable":true,"href":"https:\/\/pesdescalcoscc.org\/en\/wp-json\/wp\/v2\/product_cat?post=689"},{"taxonomy":"product_tag","embeddable":true,"href":"https:\/\/pesdescalcoscc.org\/en\/wp-json\/wp\/v2\/product_tag?post=689"}],"curies":[{"name":"wp","href":"https:\/\/api.w.org\/{rel}","templated":true}]}}