{"id":584,"date":"2019-03-29T16:17:22","date_gmt":"2019-03-29T16:17:22","guid":{"rendered":"http:\/\/pesdescalcoscc.org\/?post_type=product&#038;p=584"},"modified":"2019-06-22T15:04:32","modified_gmt":"2019-06-22T15:04:32","slug":"livro-atlantica","status":"publish","type":"product","link":"https:\/\/pesdescalcoscc.org\/en\/product\/livro-atlantica\/","title":{"rendered":"ATLANTICA:Contemporary Art From Angola And Its Diaspora"},"content":{"rendered":"<h4 class=\"product_title entry-title\">ATLANTICA: Contemporary Art From Angola And Its Diaspora.<\/h4>\n<p>Atlantica is a book about contemporary art from Angola and its diaspora, conceived and developed by artists in tandem with theorists, curators and scholars to consider the art production of the new millennium in Angola.<\/p>\n<p><strong>Artists \/<br \/>\n<\/strong>Alice Marcelino, Alida Rodrigues, Ana Silva, Binelde Hyrcan, D\u00e9lio Jasse, Edson Chagas, Francisco Vidal, Grada Kilomba, Ihosvanny, Janu\u00e1rio Jano, Keyezua, Kiluanji Kia Henda, M\u00f3nica de Miranda and Yonamine.<\/p>\n<p><strong>Essays \/<br \/>\n<\/strong>Adriano Mixinge, Afonso Dias Ramos, Ana Balona de Oliveira, Ana Cristina Cachola, Ashleigh M. Barice, Bruno Leit\u00e3o, Delinda Collier, Denise Ferreira da Silva, Gabi Ngcobo, Maria-Gracia Latedjou, Marissa J. Moorman, Marta Jecu, Nancy Dantas, Nadine Siegert, Negarra A. Kudumu, Paul Goodwin, Paula Nascimento, Pontus Kyander and Raquel Schefer.<\/p>\n<p><a href=\"https:\/\/hangar.com.pt\/en\/loja\/atlantica\/\" target=\"_blank\" rel=\"noopener noreferrer\">More information please contact Hangar<\/a><\/p>\n","protected":false},"excerpt":{"rendered":"<p>Atlantica is a book about contemporary art from Angola and its diaspora, conceived and developed by artists in tandem with theorists, curators and scholars to consider the art production of the new millennium in Angola.<\/p>\n","protected":false},"featured_media":876,"template":"","meta":[],"product_cat":[88],"product_tag":[],"_links":{"self":[{"href":"https:\/\/pesdescalcoscc.org\/en\/wp-json\/wp\/v2\/product\/584"}],"collection":[{"href":"https:\/\/pesdescalcoscc.org\/en\/wp-json\/wp\/v2\/product"}],"about":[{"href":"https:\/\/pesdescalcoscc.org\/en\/wp-json\/wp\/v2\/types\/product"}],"wp:featuredmedia":[{"embeddable":true,"href":"https:\/\/pesdescalcoscc.org\/en\/wp-json\/wp\/v2\/media\/876"}],"wp:attachment":[{"href":"https:\/\/pesdescalcoscc.org\/en\/wp-json\/wp\/v2\/media?parent=584"}],"wp:term":[{"taxonomy":"product_cat","embeddable":true,"href":"https:\/\/pesdescalcoscc.org\/en\/wp-json\/wp\/v2\/product_cat?post=584"},{"taxonomy":"product_tag","embeddable":true,"href":"https:\/\/pesdescalcoscc.org\/en\/wp-json\/wp\/v2\/product_tag?post=584"}],"curies":[{"name":"wp","href":"https:\/\/api.w.org\/{rel}","templated":true}]}}