{"id":665,"date":"2019-04-02T21:49:49","date_gmt":"2019-04-02T21:49:49","guid":{"rendered":"http:\/\/pesdescalcoscc.org\/?page_id=665"},"modified":"2019-09-16T10:55:54","modified_gmt":"2019-09-16T10:55:54","slug":"general-information","status":"publish","type":"page","link":"https:\/\/pesdescalcoscc.org\/en\/general-information\/","title":{"rendered":"General Information"},"content":{"rendered":"<p>[vc_row][vc_column][vc_custom_heading text=&#8221;About Angola&#8221; use_theme_fonts=&#8221;yes&#8221;][\/vc_column][\/vc_row][vc_row][vc_column][vc_column_text]<a href=\"https:\/\/pesdescalcoscc.org\/wp2022\/wp-content\/uploads\/2019\/09\/AGO_orthographic.svg_.png\"><img decoding=\"async\" loading=\"lazy\" class=\"alignnone wp-image-1514\" src=\"https:\/\/pesdescalcoscc.org\/wp2022\/wp-content\/uploads\/2019\/09\/AGO_orthographic.svg_-300x300.png\" alt=\"\" width=\"220\" height=\"220\" srcset=\"https:\/\/pesdescalcoscc.org\/wp2022\/wp-content\/uploads\/2019\/09\/AGO_orthographic.svg_-300x300.png 300w, https:\/\/pesdescalcoscc.org\/wp2022\/wp-content\/uploads\/2019\/09\/AGO_orthographic.svg_-150x150.png 150w, https:\/\/pesdescalcoscc.org\/wp2022\/wp-content\/uploads\/2019\/09\/AGO_orthographic.svg_-768x768.png 768w, https:\/\/pesdescalcoscc.org\/wp2022\/wp-content\/uploads\/2019\/09\/AGO_orthographic.svg_-1024x1024.png 1024w, https:\/\/pesdescalcoscc.org\/wp2022\/wp-content\/uploads\/2019\/09\/AGO_orthographic.svg_-600x600.png 600w, https:\/\/pesdescalcoscc.org\/wp2022\/wp-content\/uploads\/2019\/09\/AGO_orthographic.svg_-100x100.png 100w, https:\/\/pesdescalcoscc.org\/wp2022\/wp-content\/uploads\/2019\/09\/AGO_orthographic.svg_.png 1280w\" sizes=\"(max-width: 220px) 100vw, 220px\" \/><\/a><\/p>\n<p>Angola is located in the western region of southern Africa, with the following geographic data:<br \/>\nLatitude \u2013 North \u2013 04 \u00b0 22 &#8216; G\/south-18 \u00b0 02 &#8216; G.<br \/>\nLongitude \u2013 East \u2013 24 \u00b0 05 &#8216; E. G\/West \u2013 11 \u00b0 41 &#8216; E. G<br \/>\nSurface: 1,246,700 km2<br \/>\nAtlantic Coast extension: 1,650 Km<br \/>\nLand Borders: 4,837 Km<br \/>\nLimited Countries to the North: Republic of the Congo and Democratic Republic of the Congo.<br \/>\nLimited Countries to the East: Democratic Republic of the Congo and the Republic of Zambia.<br \/>\nLimited Countries to the South: Republic of Namibia.West: Atlantic Ocean.<\/p>\n<p>The country has as its capital the province of Luanda and a total of 18 provinces, Bengo, Benguela, Bi\u00e9, Cabinda, Kuando-Kubango, Kwanza-North, Kwanza-South, Cunene, Huambo, Hu\u00edla, Luanda, Lunda-North, Lunda-South, Malanje, Moxico, Namibe, U\u00edge and Zaire.<\/p>\n<p>The climate in Angola has two seasons: the rainfall, warmer period that occurs between the months of September to May, and the Cacimbo.The Cacimbo or Seca is less hot and runs from May to September. The average temperatures of the country are: 27 \u00b0 C Maximum and 17 \u00b0 C minimum.[\/vc_column_text][\/vc_column][\/vc_row][vc_row][vc_column][vc_custom_heading text=&#8221;Useful Contacts&#8221; use_theme_fonts=&#8221;yes&#8221;][\/vc_column][\/vc_row][vc_row][vc_column width=&#8221;1\/4&#8243;]\t<a id=\"thb-iconbox-14\" class=\"has-link thb-iconbox top type1\" href=\"http:\/\/www.governo.gov.ao\/Default.aspx\" target=\"_blank\" data-animation_speed=\"1.5\">\n\t\t\t\t\t\t<figure>\n\t\t\t<img width=\"177\" height=\"91\" src=\"https:\/\/pesdescalcoscc.org\/wp2022\/wp-content\/uploads\/2019\/09\/logo-governo.png\" class=\"thb_image attachment-full\" alt=\"\" decoding=\"async\" loading=\"lazy\" title=\"logo-governo\" \/>\t\t<\/figure>\n\t\t\t\t<div class=\"iconbox-content\">\n\t\t\t<h5>Government of Angola<\/h5>\t\t\t\t\t<\/div>\n\t<\/a>\n\t[\/vc_column][vc_column width=&#8221;1\/4&#8243;]\t<a id=\"thb-iconbox-97\" class=\"has-link thb-iconbox top type1\" href=\"https:\/\/www.cgpn.gov.ao\/?page_id=2403&#038;lang=en\" target=\"_blank\" data-animation_speed=\"1.5\">\n\t\t\t\t\t\t<figure>\n\t\t\t<img width=\"135\" height=\"128\" src=\"https:\/\/pesdescalcoscc.org\/wp2022\/wp-content\/uploads\/2019\/09\/logocgpn-1.png\" class=\"thb_image attachment-full\" alt=\"\" decoding=\"async\" loading=\"lazy\" title=\"logocgpn-1\" srcset=\"https:\/\/pesdescalcoscc.org\/wp2022\/wp-content\/uploads\/2019\/09\/logocgpn-1.png 135w, https:\/\/pesdescalcoscc.org\/wp2022\/wp-content\/uploads\/2019\/09\/logocgpn-1-80x75.png 80w\" sizes=\"(max-width: 135px) 100vw, 135px\" \/>\t\t<\/figure>\n\t\t\t\t<div class=\"iconbox-content\">\n\t\t\t<h5>Police<\/h5>\t\t\t\t\t<\/div>\n\t<\/a>\n\t[\/vc_column][vc_column width=&#8221;1\/4&#8243;]\t<a id=\"thb-iconbox-58\" class=\"has-link thb-iconbox top type1\" href=\"https:\/\/www.sme-angola.com\/index.php?option=com_contact_enhanced&#038;view=contact&#038;id=1&#038;Itemid=125&#038;lang=pt\" target=\"_blank\" data-animation_speed=\"1.5\">\n\t\t\t\t\t\t<figure>\n\t\t\t<img width=\"237\" height=\"170\" src=\"https:\/\/pesdescalcoscc.org\/wp2022\/wp-content\/uploads\/2019\/09\/logotipo_sme_313_170.jpg\" class=\"thb_image attachment-full\" alt=\"\" decoding=\"async\" loading=\"lazy\" title=\"logotipo_sme_313_170\" \/>\t\t<\/figure>\n\t\t\t\t<div class=\"iconbox-content\">\n\t\t\t<h5>Migration and Foreigners Service<\/h5>\t\t\t\t\t<\/div>\n\t<\/a>\n\t[\/vc_column][vc_column width=&#8221;1\/4&#8243;]\t<a id=\"thb-iconbox-82\" class=\"has-link thb-iconbox top type1\" href=\"https:\/\/www.portaldeangola.com\/contactos-uteis\/\" target=\"_blank\" data-animation_speed=\"1.5\">\n\t\t\t\t\t\t<figure>\n\t\t\t<img width=\"223\" height=\"226\" src=\"https:\/\/pesdescalcoscc.org\/wp2022\/wp-content\/uploads\/2019\/09\/Unknown.jpeg\" class=\"thb_image attachment-full\" alt=\"\" decoding=\"async\" loading=\"lazy\" title=\"Unknown\" srcset=\"https:\/\/pesdescalcoscc.org\/wp2022\/wp-content\/uploads\/2019\/09\/Unknown.jpeg 223w, https:\/\/pesdescalcoscc.org\/wp2022\/wp-content\/uploads\/2019\/09\/Unknown-100x100.jpeg 100w\" sizes=\"(max-width: 223px) 100vw, 223px\" \/>\t\t<\/figure>\n\t\t\t\t<div class=\"iconbox-content\">\n\t\t\t<h5>Civil Protection Service and Firefighters<\/h5>\t\t\t\t\t<\/div>\n\t<\/a>\n\t[\/vc_column][\/vc_row]<\/p>\n","protected":false},"excerpt":{"rendered":"<p>[vc_row][vc_column][vc_custom_heading text=&#8221;About Angola&#8221; use_theme_fonts=&#8221;yes&#8221;][\/vc_column][\/vc_row][vc_row][vc_column][vc_column_text] Angola is located in the western region of southern Africa, with the following geographic data: Latitude \u2013 North \u2013 04 \u00b0 22 &#8216; G\/south-18 \u00b0 02 &#8216; G. Longitude \u2013 East \u2013 24 \u00b0 05 &#8216; E. G\/West \u2013 11 \u00b0 41 &#8216; E. G Surface: 1,246,700 km2 Atlantic Coast extension:&hellip;<\/p>\n","protected":false},"author":2,"featured_media":0,"parent":0,"menu_order":0,"comment_status":"closed","ping_status":"closed","template":"page-default.php","meta":[],"_links":{"self":[{"href":"https:\/\/pesdescalcoscc.org\/en\/wp-json\/wp\/v2\/pages\/665"}],"collection":[{"href":"https:\/\/pesdescalcoscc.org\/en\/wp-json\/wp\/v2\/pages"}],"about":[{"href":"https:\/\/pesdescalcoscc.org\/en\/wp-json\/wp\/v2\/types\/page"}],"author":[{"embeddable":true,"href":"https:\/\/pesdescalcoscc.org\/en\/wp-json\/wp\/v2\/users\/2"}],"replies":[{"embeddable":true,"href":"https:\/\/pesdescalcoscc.org\/en\/wp-json\/wp\/v2\/comments?post=665"}],"version-history":[{"count":13,"href":"https:\/\/pesdescalcoscc.org\/en\/wp-json\/wp\/v2\/pages\/665\/revisions"}],"predecessor-version":[{"id":1529,"href":"https:\/\/pesdescalcoscc.org\/en\/wp-json\/wp\/v2\/pages\/665\/revisions\/1529"}],"wp:attachment":[{"href":"https:\/\/pesdescalcoscc.org\/en\/wp-json\/wp\/v2\/media?parent=665"}],"curies":[{"name":"wp","href":"https:\/\/api.w.org\/{rel}","templated":true}]}}