{"id":59,"date":"2015-01-07T23:55:20","date_gmt":"2015-01-07T23:55:20","guid":{"rendered":"http:\/\/pesdescalcoscc.org\/?page_id=59"},"modified":"2015-01-08T00:00:45","modified_gmt":"2015-01-08T00:00:45","slug":"darte-luanda","status":"publish","type":"page","link":"https:\/\/pesdescalcoscc.org\/en\/darte-luanda\/","title":{"rendered":"D\u00b4arte Luanda"},"content":{"rendered":"<p>Festival internacional de arte com objectivo de criar sinergias com o mercado de arte internacional com foco na regi\u00e3o. O festival vai servir de veiculo impulsionador para desenvolvimento das artes em todas as vertentes.<\/p>\n<p>Ser\u00e1 um evento bianual com uma perspectiva contextual nas artes contempor\u00e2neas Africanas, com a predominante na realiza\u00e7\u00e3o de projectos, estudos, capacita\u00e7\u00e3o, com um formado de cria\u00e7\u00e3o de interc\u00e2mbios atrav\u00e9s de: <\/p>\n<li>F\u00f3rum (artistas, coleccionadores, galerias, museus)<\/li>\n<li>Arte performativa<\/li>\n<li>Arte publica<\/li>\n<li>V\u00eddeos e projec\u00e7\u00f5es<\/li>\n<li>M\u00fasica<\/li>\n<li>Exposi\u00e7\u00f5es de arte<\/li>\n","protected":false},"excerpt":{"rendered":"<p>Festival internacional de arte com objectivo de criar sinergias com o mercado de arte internacional com foco na regi\u00e3o. O festival vai servir de veiculo impulsionador para desenvolvimento das artes em todas as vertentes. Ser\u00e1 um evento bianual com uma perspectiva contextual nas artes contempor\u00e2neas Africanas, com a predominante na realiza\u00e7\u00e3o de projectos, estudos, capacita\u00e7\u00e3o,&hellip;<\/p>\n","protected":false},"author":1,"featured_media":0,"parent":0,"menu_order":0,"comment_status":"closed","ping_status":"closed","template":"","meta":[],"_links":{"self":[{"href":"https:\/\/pesdescalcoscc.org\/en\/wp-json\/wp\/v2\/pages\/59"}],"collection":[{"href":"https:\/\/pesdescalcoscc.org\/en\/wp-json\/wp\/v2\/pages"}],"about":[{"href":"https:\/\/pesdescalcoscc.org\/en\/wp-json\/wp\/v2\/types\/page"}],"author":[{"embeddable":true,"href":"https:\/\/pesdescalcoscc.org\/en\/wp-json\/wp\/v2\/users\/1"}],"replies":[{"embeddable":true,"href":"https:\/\/pesdescalcoscc.org\/en\/wp-json\/wp\/v2\/comments?post=59"}],"version-history":[{"count":5,"href":"https:\/\/pesdescalcoscc.org\/en\/wp-json\/wp\/v2\/pages\/59\/revisions"}],"predecessor-version":[{"id":66,"href":"https:\/\/pesdescalcoscc.org\/en\/wp-json\/wp\/v2\/pages\/59\/revisions\/66"}],"wp:attachment":[{"href":"https:\/\/pesdescalcoscc.org\/en\/wp-json\/wp\/v2\/media?parent=59"}],"curies":[{"name":"wp","href":"https:\/\/api.w.org\/{rel}","templated":true}]}}