{"id":522,"date":"2019-03-27T12:05:05","date_gmt":"2019-03-27T12:05:05","guid":{"rendered":"http:\/\/pesdescalcoscc.org\/?page_id=522"},"modified":"2019-07-12T09:38:48","modified_gmt":"2019-07-12T09:38:48","slug":"press","status":"publish","type":"page","link":"https:\/\/pesdescalcoscc.org\/en\/press\/","title":{"rendered":"Press"},"content":{"rendered":"<p>[vc_row][vc_column width=&#8221;1\/3&#8243;][vc_single_image image=&#8221;1145&#8243; img_size=&#8221;full&#8221; alignment=&#8221;center&#8221;][vc_column_text]<a href=\"https:\/\/pesdescalcoscc.org\/wp2022\/wp-content\/uploads\/2019\/07\/Vanguarda_Hype.pdf\" target=\"_blank\" rel=\"noopener noreferrer\">Jornal Vanguarda (Caderno HYPE)<\/a><br \/>\nEntrevista com Jos\u00e9 Edurado Agualusa que esteve em Luanda a\u00a0<span lang=\"PT\">convite do Goethe-Institut Angola em parceria com o colectivo cultural P\u00e9s Descal\u00e7os para apresentar o seu \u00faltimo romance, \u201c<\/span><span lang=\"PT\">A Sociedade dos Sonhadores Involunt\u00e1rios\u201d<\/span><span lang=\"PT\">.<\/span>[\/vc_column_text][\/vc_column][vc_column width=&#8221;1\/3&#8243;][vc_single_image image=&#8221;1161&#8243; img_size=&#8221;full&#8221; alignment=&#8221;center&#8221;][vc_column_text]<a href=\"https:\/\/pesdescalcoscc.org\/wp2022\/wp-content\/uploads\/2019\/07\/EDI\u00c7\u00c3O-8-DE-ABRIL-2019.pdf\" target=\"_blank\" rel=\"noopener noreferrer\">Jornal de Angola<\/a><br \/>\nEntrevista com Mia Couto, um dos convidados da <a href=\"https:\/\/pesdescalcoscc.org\/conversa-a-3\/\">CONVERSA A 3<\/a>, evento realizado pelo\u00a0Goethe-Institut Angola em parceria com o colectivo cultural P\u00e9s Descal\u00e7os, tert\u00falia que juntou Mia Couto e Jos\u00e9 Eduardo Agualusa e Michael Kegler.[\/vc_column_text][\/vc_column][vc_column width=&#8221;1\/3&#8243;][vc_single_image image=&#8221;1166&#8243; img_size=&#8221;full&#8221; alignment=&#8221;center&#8221;][vc_column_text]<a href=\"https:\/\/pesdescalcoscc.org\/wp2022\/wp-content\/uploads\/2019\/07\/NJ_578602-1.pdf\" target=\"_blank\" rel=\"noopener noreferrer\">Novo Jornal<\/a><br \/>\nO escritor Jos\u00e9 Eduardo Agualusa conversou com o Novo Jornal a prop\u00f3sito da sua participa\u00e7\u00e3o no projecto <a href=\"https:\/\/pesdescalcoscc.org\/book-dash-historias-kambutas\/\">HIST\u00d3RIAS KAMBUTAS<\/a>, uma iniciativa Goethe-Institut Angola em parceria com o colectivo cultural P\u00e9s Descal\u00e7os que resultou na cria\u00e7\u00e3o de 3 livros infantis.[\/vc_column_text][\/vc_column][vc_column][\/vc_column][\/vc_row][vc_row][vc_column width=&#8221;1\/3&#8243;][vc_single_image image=&#8221;1173&#8243; img_size=&#8221;full&#8221; alignment=&#8221;center&#8221;][vc_column_text]<a href=\"https:\/\/pesdescalcoscc.org\/wp2022\/wp-content\/uploads\/2019\/07\/villas_e_golfes.pdf\" target=\"_blank\" rel=\"noopener noreferrer\">Revista Villas &amp; Golfe<\/a><br \/>\nConversa com alguns membros do colectivo P\u00e9s Descal\u00e7os a prop\u00f3sito dos projectos que a plataforma tem produzido.[\/vc_column_text][\/vc_column][vc_column][\/vc_column][\/vc_row]<\/p>\n","protected":false},"excerpt":{"rendered":"<p>[vc_row][vc_column width=&#8221;1\/3&#8243;][vc_single_image image=&#8221;1145&#8243; img_size=&#8221;full&#8221; alignment=&#8221;center&#8221;][vc_column_text]Jornal Vanguarda (Caderno HYPE) Entrevista com Jos\u00e9 Edurado Agualusa que esteve em Luanda a\u00a0convite do Goethe-Institut Angola em parceria com o colectivo cultural P\u00e9s Descal\u00e7os para apresentar o seu \u00faltimo romance, \u201cA Sociedade dos Sonhadores Involunt\u00e1rios\u201d.[\/vc_column_text][\/vc_column][vc_column width=&#8221;1\/3&#8243;][vc_single_image image=&#8221;1161&#8243; img_size=&#8221;full&#8221; alignment=&#8221;center&#8221;][vc_column_text]Jornal de Angola Entrevista com Mia Couto, um dos convidados da CONVERSA&hellip;<\/p>\n","protected":false},"author":2,"featured_media":0,"parent":0,"menu_order":0,"comment_status":"closed","ping_status":"closed","template":"page-default.php","meta":[],"_links":{"self":[{"href":"https:\/\/pesdescalcoscc.org\/en\/wp-json\/wp\/v2\/pages\/522"}],"collection":[{"href":"https:\/\/pesdescalcoscc.org\/en\/wp-json\/wp\/v2\/pages"}],"about":[{"href":"https:\/\/pesdescalcoscc.org\/en\/wp-json\/wp\/v2\/types\/page"}],"author":[{"embeddable":true,"href":"https:\/\/pesdescalcoscc.org\/en\/wp-json\/wp\/v2\/users\/2"}],"replies":[{"embeddable":true,"href":"https:\/\/pesdescalcoscc.org\/en\/wp-json\/wp\/v2\/comments?post=522"}],"version-history":[{"count":10,"href":"https:\/\/pesdescalcoscc.org\/en\/wp-json\/wp\/v2\/pages\/522\/revisions"}],"predecessor-version":[{"id":1185,"href":"https:\/\/pesdescalcoscc.org\/en\/wp-json\/wp\/v2\/pages\/522\/revisions\/1185"}],"wp:attachment":[{"href":"https:\/\/pesdescalcoscc.org\/en\/wp-json\/wp\/v2\/media?parent=522"}],"curies":[{"name":"wp","href":"https:\/\/api.w.org\/{rel}","templated":true}]}}