{"id":489,"date":"2019-03-24T15:22:46","date_gmt":"2019-03-24T15:22:46","guid":{"rendered":"http:\/\/pesdescalcoscc.org\/?page_id=489"},"modified":"2022-11-24T23:46:42","modified_gmt":"2022-11-24T23:46:42","slug":"residency","status":"publish","type":"page","link":"https:\/\/pesdescalcoscc.org\/en\/residency\/","title":{"rendered":"Residency"},"content":{"rendered":"<p>[vc_row disable_element=&#8221;yes&#8221;][vc_column offset=&#8221;vc_col-lg-offset-1 vc_col-lg-10&#8243;][vc_single_image source=&#8221;featured_image&#8221; img_size=&#8221;large&#8221; alignment=&#8221;center&#8221;][vc_row_inner][vc_column_inner][vc_column_text css=&#8221;.vc_custom_1556656117298{margin-top: 0px !important;margin-bottom: 10px !important;padding-top: 0px !important;padding-bottom: 0px !important;}&#8221;]<\/p>\n<h2>Resid\u00eancias LUUANDA<\/h2>\n<p>[\/vc_column_text][\/vc_column_inner][\/vc_row_inner][vc_row_inner][vc_column_inner width=&#8221;1\/2&#8243;][vc_column_text]As candidaturas para a Resid\u00eancia Art\u00edstica LUUANDA estar\u00e3o abertas entre o dia 1 de Agosto e 10 de Setembro 2019.<br \/>\nPara submeter a sua candidatura, <strong><a href=\"https:\/\/pesdescalcoscc.org\/wp2022\/wp-content\/uploads\/2019\/08\/OPEN_CALL_LUUANDA_RESIDENCY.pdf\" target=\"_blank\" rel=\"noopener noreferrer\">descarregue aqui os Termos e Condi\u00e7\u00f5es<\/a><\/strong>.<\/p>\n<p>LUUANDA \u00e9 um resid\u00eancia art\u00edstica realizada colectivo P\u00e9s Descal\u00e7os. O projecto foi o vencedor do Open Call internacional lan\u00e7ado pela Funda\u00e7\u00e3o Calouste Gulbenkian para realiza\u00e7\u00e3o de Resid\u00eancias Art\u00edsticas nos Pa\u00edses Africanos de L\u00edngua Oficial Portuguesa \u2013 PALOPS, com objectivo de apoiar \u00e1reas das Artes Visuais, Fotografia, V\u00eddeo e Dan\u00e7a Contempor\u00e2nea. Com dura\u00e7\u00e3o de 3 anos, a iniciativa da Funda\u00e7\u00e3o visa apoiar a internacionaliza\u00e7\u00e3o da produ\u00e7\u00e3o art\u00edstica nos PALOPS, Angola, Cabo Verde e Mo\u00e7ambique s\u00e3o os pa\u00edses que v\u00e3o acolher as resid\u00eancias art\u00edsticas durante tr\u00eas anos.<\/p>\n<p>Inspirado na obra hom\u00f3nima de Luandino Vieira, a Resid\u00eancia Art\u00edstica LUUANDA vai intervir na \u00e1reas das artes visuais em Angola, incidindo no que significa viver na Luanda contempor\u00e2nea, seguindo a constru\u00e7\u00e3o imagin\u00e1ria t\u00e3o explorada na literatura de Luandino Vieira, Uanhenga Xito, Ondjaki, entre outros.[\/vc_column_text][\/vc_column_inner][vc_column_inner width=&#8221;1\/2&#8243;][vc_column_text]Esta cidade p\u00f3s-colonial \u00e9 marcada por fluxos migrat\u00f3rios e por v\u00e1rios processos de mudan\u00e7a; pelo tr\u00e2nsito, luzes e ru\u00eddos; pelos vendedores e vendedoras de rua que criam um importante espa\u00e7o de economia informal do pa\u00eds, ao expor diariamente tudo o que vendem. Estas din\u00e2micas resultam numa circula\u00e7\u00e3o de corpos e vidas que parecem ter sido esquecidas pelo processo de crescimento do pa\u00eds.<\/p>\n<p>O projecto ter\u00e1 um enfoque sobre as metodologias e processos de investiga\u00e7\u00e3o em arte, como pano de fundo da cidade de Luanda e das suas institui\u00e7\u00f5es culturais, seguindo tamb\u00e9m um formato de workshops que incluir\u00e1 atividades para os artistas e para o p\u00fablico: cria\u00e7\u00e3o em est\u00fadio, visitas a cidade, visitas a ateli\u00eas de artistas e espa\u00e7os de exposi\u00e7\u00e3o, apresenta\u00e7\u00f5es e conversas com artistas.<\/p>\n<p>A 1\u00aa Edi\u00e7\u00e3o da Resid\u00eancia Art\u00edstica LUUANDA ser\u00e1 realizada em Outubro de 2019.[\/vc_column_text][\/vc_column_inner][\/vc_row_inner][\/vc_column][\/vc_row][vc_row][vc_column width=&#8221;1\/2&#8243; offset=&#8221;vc_col-lg-offset-1 vc_col-lg-10&#8243;][vc_row_inner][vc_column_inner width=&#8221;1\/2&#8243;][vc_text_separator title=&#8221;RESIDENCY 2022&#8243;][vc_single_image image=&#8221;2096&#8243; img_size=&#8221;full&#8221; onclick=&#8221;custom_link&#8221; link=&#8221;https:\/\/pesdescalcoscc.org\/#\/&#8221;][vc_column_text]<strong>LUUANDA 2022<\/strong><\/p>\n<p>Applications are now open (<strong>until 31 July<\/strong>) for the 3rd edition of LUUANDA Artist Residency.<\/p>\n<p><span style=\"font-weight: 400;\">Produced by Coletivo P\u00e9s Descal\u00e7os,\u00a0<\/span>the LUUANDA Artist Residency Programme focuses on the experience of living in contemporary Luanda, through its characters, rhythms, poetry, nostalgia, and drama; and following the imaginary construction so explored in the literature of writers such as Luandino Vieira, Uanhenga Xito, Ondjaki, and others.<br \/>\nThis post-colonial city is marked by migratory flows and various processes of change; by traffic, lights, and noise; by street vendors who create an important space for the country&#8217;s informal economy by displaying everything they sell on a daily basis.<\/p>\n<p>The program is funded by the Calouste Gulbenkian Foundation and aims to support the international mobility of artists born and resident in the PALOP countries, in the areas of visual arts (including image and visual arts) and curatorship.<\/p>\n<p><a href=\"https:\/\/pesdescalcoscc.org\/open-call-luuanda-2022\/\">Downloand the application form here<\/a>.[\/vc_column_text][\/vc_column_inner][vc_column_inner width=&#8221;1\/2&#8243;][vc_text_separator title=&#8221;REISDENCY 2021&#8243;][vc_single_image image=&#8221;2059&#8243; img_size=&#8221;full&#8221;][vc_column_text]<strong>LUUANDA 2021<\/strong><\/p>\n<p>Applications for the 2nd edition of LUUANDA Artist Residency will be open on <strong>19 April 2021<\/strong>.<\/p>\n<p><span style=\"font-weight: 400;\">In this edition, the artists will be challenged to work under the theme &#8220;LOST BORDERS&#8221;, through a varied program of activities. The theme taken from the work of the Angolan writer Jos\u00e9 Eduardo Agualusa, is inscribed in a globalized fictional universe, the multiplicity of identities originated after the Angolan independence, and the importance of this reflection for the creation of works that are inscribed in a place between the real and the fictional<\/span>.<\/p>\n<p><a href=\"https:\/\/pesdescalcoscc.org\/open-call-luuanda-2022\/\">Download the application form here<\/a>[\/vc_column_text][vc_text_separator title=&#8221;RESINDENCY 2019&#8243;][vc_single_image image=&#8221;1927&#8243; img_size=&#8221;full&#8221;][vc_column_text]<strong>LUUANDA 2019<\/strong><\/p>\n<p>The applications for the next edition of Luuanda Artistic Residency will be open in mid-2020.<\/p>\n<p>LUUANDA is an artistic residence organized by the Collective Pes Descal\u00e7os. The project was the winner of the international Open Call launched by the Calouste Gulbenkian Foundation for Performing Art Residencies in Portuguese-speaking African Countries &#8211; PALOPS.[\/vc_column_text][\/vc_column_inner][\/vc_row_inner][vc_row_inner][vc_column_inner width=&#8221;1\/3&#8243;][\/vc_column_inner][\/vc_row_inner][\/vc_column][vc_column width=&#8221;1\/2&#8243;][\/vc_column][\/vc_row]<\/p>\n","protected":false},"excerpt":{"rendered":"<p>[vc_row disable_element=&#8221;yes&#8221;][vc_column offset=&#8221;vc_col-lg-offset-1 vc_col-lg-10&#8243;][vc_single_image source=&#8221;featured_image&#8221; img_size=&#8221;large&#8221; alignment=&#8221;center&#8221;][vc_row_inner][vc_column_inner][vc_column_text css=&#8221;.vc_custom_1556656117298{margin-top: 0px !important;margin-bottom: 10px !important;padding-top: 0px !important;padding-bottom: 0px !important;}&#8221;] Resid\u00eancias LUUANDA [\/vc_column_text][\/vc_column_inner][\/vc_row_inner][vc_row_inner][vc_column_inner width=&#8221;1\/2&#8243;][vc_column_text]As candidaturas para a Resid\u00eancia Art\u00edstica LUUANDA estar\u00e3o abertas entre o dia 1 de Agosto e 10 de Setembro 2019. Para submeter a sua candidatura, descarregue aqui os Termos e Condi\u00e7\u00f5es. LUUANDA \u00e9 um resid\u00eancia art\u00edstica&hellip;<\/p>\n","protected":false},"author":2,"featured_media":0,"parent":0,"menu_order":0,"comment_status":"closed","ping_status":"closed","template":"page-default.php","meta":[],"_links":{"self":[{"href":"https:\/\/pesdescalcoscc.org\/en\/wp-json\/wp\/v2\/pages\/489"}],"collection":[{"href":"https:\/\/pesdescalcoscc.org\/en\/wp-json\/wp\/v2\/pages"}],"about":[{"href":"https:\/\/pesdescalcoscc.org\/en\/wp-json\/wp\/v2\/types\/page"}],"author":[{"embeddable":true,"href":"https:\/\/pesdescalcoscc.org\/en\/wp-json\/wp\/v2\/users\/2"}],"replies":[{"embeddable":true,"href":"https:\/\/pesdescalcoscc.org\/en\/wp-json\/wp\/v2\/comments?post=489"}],"version-history":[{"count":51,"href":"https:\/\/pesdescalcoscc.org\/en\/wp-json\/wp\/v2\/pages\/489\/revisions"}],"predecessor-version":[{"id":2100,"href":"https:\/\/pesdescalcoscc.org\/en\/wp-json\/wp\/v2\/pages\/489\/revisions\/2100"}],"wp:attachment":[{"href":"https:\/\/pesdescalcoscc.org\/en\/wp-json\/wp\/v2\/media?parent=489"}],"curies":[{"name":"wp","href":"https:\/\/api.w.org\/{rel}","templated":true}]}}