{"id":45,"date":"2015-01-07T19:16:35","date_gmt":"2015-01-07T19:16:35","guid":{"rendered":"http:\/\/pesdescalcoscc.org\/?page_id=45"},"modified":"2015-01-07T20:01:28","modified_gmt":"2015-01-07T20:01:28","slug":"pes-descalcos","status":"publish","type":"page","link":"https:\/\/pesdescalcoscc.org\/en\/pes-descalcos\/","title":{"rendered":"P\u00e9s Descal\u00e7os"},"content":{"rendered":"<p><strong>P\u00c9S DESCAL\u00c7OS<\/strong><em>&#8220;Colectivo Cultural&#8221;<\/em><\/p>\n<p>Colectivo cultural e filantr\u00f3pico de desenvolvimento e promo\u00e7\u00e3o de projectos com incid\u00eancia nas artes.<\/p>\n<p>Vem complementar a necessidade de interven\u00e7\u00e3o e abordagem de uma maneira sustentada e fundamentada para potencializar o movimento cultural em Angola.<\/p>\n<p><strong>OBJECTIVOS<br \/>\n<\/strong>Cria\u00e7\u00e3o de plataformas de colabora\u00e7\u00e3o e estudos para capacita\u00e7\u00e3o, educar, partilhar, desenvolver e promover projectos e iniciativas culturais nas suas mais variadas vertentes.<\/p>\n<p><strong>VIS\u00c3O<br \/>\n<\/strong>Criar e desenvolver projectos locais com foco regional num contexto global.<\/p>\n<p><strong>\u00a0<\/strong><strong>FAZEMOS<br \/>\n<\/strong>Criamos e desenvolvemos projectos, de forma sustent\u00e1veis em todas vertentes culturais:<br \/>\nEventos &#8211; Curadoria &#8211; Consultoria Cultural e Criativa &#8211; Publica\u00e7\u00e3o &#8211; Estudos &#8211; Desenvolvimento de Projectos Culturais &#8211; Direc\u00e7\u00e3o de Arte &#8211; Forma\u00e7\u00e3o &#8211; Produ\u00e7\u00e3o Art\u00edstica &#8211; Colabora\u00e7\u00e3o &#8211; Aconselhamento &#8211; Elabora\u00e7\u00e3o de Estrat\u00e9gias &#8211; Oficinas\/Workshops de Arte.<\/p>\n<p><span style=\"font-weight: bold;\">\u00a0<\/span><span style=\"font-weight: bold;\">CONTACTO:<br \/>\n<\/span><a style=\"color: #3b5998;\" href=\"mailto:mail.pesdescalcos@gmail.com\">mail.pesdescalcos@gmail.com<\/a><\/p>\n<p><strong>Siga-nos!<\/strong><br \/>\n<a title=\"P\u00e9s Descal\u00e7os\" href=\"https:\/\/www.facebook.com\/PesDescalcosCC\" target=\"_blank\">Facebook<\/a><\/p>\n","protected":false},"excerpt":{"rendered":"<p>P\u00c9S DESCAL\u00c7OS&#8220;Colectivo Cultural&#8221; Colectivo cultural e filantr\u00f3pico de desenvolvimento e promo\u00e7\u00e3o de projectos com incid\u00eancia nas artes. Vem complementar a necessidade de interven\u00e7\u00e3o e abordagem de uma maneira sustentada e fundamentada para potencializar o movimento cultural em Angola. OBJECTIVOS Cria\u00e7\u00e3o de plataformas de colabora\u00e7\u00e3o e estudos para capacita\u00e7\u00e3o, educar, partilhar, desenvolver e promover projectos e&hellip;<\/p>\n","protected":false},"author":1,"featured_media":0,"parent":0,"menu_order":0,"comment_status":"closed","ping_status":"closed","template":"","meta":[],"_links":{"self":[{"href":"https:\/\/pesdescalcoscc.org\/en\/wp-json\/wp\/v2\/pages\/45"}],"collection":[{"href":"https:\/\/pesdescalcoscc.org\/en\/wp-json\/wp\/v2\/pages"}],"about":[{"href":"https:\/\/pesdescalcoscc.org\/en\/wp-json\/wp\/v2\/types\/page"}],"author":[{"embeddable":true,"href":"https:\/\/pesdescalcoscc.org\/en\/wp-json\/wp\/v2\/users\/1"}],"replies":[{"embeddable":true,"href":"https:\/\/pesdescalcoscc.org\/en\/wp-json\/wp\/v2\/comments?post=45"}],"version-history":[{"count":1,"href":"https:\/\/pesdescalcoscc.org\/en\/wp-json\/wp\/v2\/pages\/45\/revisions"}],"predecessor-version":[{"id":47,"href":"https:\/\/pesdescalcoscc.org\/en\/wp-json\/wp\/v2\/pages\/45\/revisions\/47"}],"wp:attachment":[{"href":"https:\/\/pesdescalcoscc.org\/en\/wp-json\/wp\/v2\/media?parent=45"}],"curies":[{"name":"wp","href":"https:\/\/api.w.org\/{rel}","templated":true}]}}