{"id":31,"date":"2015-01-07T18:42:28","date_gmt":"2015-01-07T18:42:28","guid":{"rendered":"http:\/\/pesdescalcoscc.org\/?page_id=31"},"modified":"2015-01-07T19:12:24","modified_gmt":"2015-01-07T19:12:24","slug":"conversas-p-d","status":"publish","type":"page","link":"https:\/\/pesdescalcoscc.org\/en\/conversas-p-d\/","title":{"rendered":"Conversas P.D"},"content":{"rendered":"<p class=\"p1\">O projecto tem por objectivo engajar uma audi\u00eancia amante das artes, promover pensamento cr\u00edtico, e consequentemente desenvolver uma larga rede de contactos e\u00a0conhecimentos partilhados ao mesmo tempo que se divulga a um p\u00fablico mais alargado\u00a0conhecimento da \u00e1rea e das pessoas que nela trabalham, e as formas diversas de\u00a0subsist\u00eancia.<\/p>\n<p class=\"p1\">Estes conte\u00fados ser\u00e3o gravados em suporte de v\u00eddeo e fotografia, que ser\u00e3o posteriormente\u00a0postos a disposi\u00e7\u00e3o de todos no nosso website e nas nossas plataformas online.<\/p>\n","protected":false},"excerpt":{"rendered":"<p>O projecto tem por objectivo engajar uma audi\u00eancia amante das artes, promover pensamento cr\u00edtico, e consequentemente desenvolver uma larga rede de contactos e\u00a0conhecimentos partilhados ao mesmo tempo que se divulga a um p\u00fablico mais alargado\u00a0conhecimento da \u00e1rea e das pessoas que nela trabalham, e as formas diversas de\u00a0subsist\u00eancia. Estes conte\u00fados ser\u00e3o gravados em suporte de&hellip;<\/p>\n","protected":false},"author":1,"featured_media":39,"parent":0,"menu_order":0,"comment_status":"closed","ping_status":"closed","template":"","meta":[],"_links":{"self":[{"href":"https:\/\/pesdescalcoscc.org\/en\/wp-json\/wp\/v2\/pages\/31"}],"collection":[{"href":"https:\/\/pesdescalcoscc.org\/en\/wp-json\/wp\/v2\/pages"}],"about":[{"href":"https:\/\/pesdescalcoscc.org\/en\/wp-json\/wp\/v2\/types\/page"}],"author":[{"embeddable":true,"href":"https:\/\/pesdescalcoscc.org\/en\/wp-json\/wp\/v2\/users\/1"}],"replies":[{"embeddable":true,"href":"https:\/\/pesdescalcoscc.org\/en\/wp-json\/wp\/v2\/comments?post=31"}],"version-history":[{"count":5,"href":"https:\/\/pesdescalcoscc.org\/en\/wp-json\/wp\/v2\/pages\/31\/revisions"}],"predecessor-version":[{"id":43,"href":"https:\/\/pesdescalcoscc.org\/en\/wp-json\/wp\/v2\/pages\/31\/revisions\/43"}],"wp:featuredmedia":[{"embeddable":true,"href":"https:\/\/pesdescalcoscc.org\/en\/wp-json\/wp\/v2\/media\/39"}],"wp:attachment":[{"href":"https:\/\/pesdescalcoscc.org\/en\/wp-json\/wp\/v2\/media?parent=31"}],"curies":[{"name":"wp","href":"https:\/\/api.w.org\/{rel}","templated":true}]}}