{"id":2630,"date":"2023-04-10T16:23:53","date_gmt":"2023-04-10T16:23:53","guid":{"rendered":"https:\/\/pesdescalcoscc.org\/?page_id=2630"},"modified":"2023-04-10T16:26:17","modified_gmt":"2023-04-10T16:26:17","slug":"tedxluandax","status":"publish","type":"page","link":"https:\/\/pesdescalcoscc.org\/en\/projects\/tedxluandax\/","title":{"rendered":"TEDxLuandaX"},"content":{"rendered":"<p>[vc_row disable_element=&#8221;yes&#8221;][vc_column offset=&#8221;vc_col-lg-offset-1 vc_col-lg-10&#8243;][vc_single_image image=&#8221;2623&#8243; img_size=&#8221;large&#8221; alignment=&#8221;center&#8221;][vc_row_inner][vc_column_inner][vc_column_text css=&#8221;.vc_custom_1681143617535{margin-top: 0px !important;margin-bottom: 10px !important;padding-top: 0px !important;padding-bottom: 0px !important;}&#8221;]<\/p>\n<h2>TEDxLuanda<\/h2>\n<p>[\/vc_column_text][\/vc_column_inner][\/vc_row_inner][vc_row_inner][vc_column_inner width=&#8221;1\/2&#8243;][vc_column_text]Desde 2012, o TEDxLuanda \u00e9 um evento organizado localmente sob orienta\u00e7\u00e3o do TED,\u00a0 no qual fazem parte oradores nacionais e internacionais que v\u00eam partilhar as suas hist\u00f3rias, projectos e conhecimentos para uma audi\u00eancia particularmente interessada em inova\u00e7\u00e3o, saiba quem esta por detr\u00e1s da organiza\u00e7\u00e3o\u00a0<a href=\"https:\/\/www.tedxluanda.com\/#equipa\" target=\"_blank\" rel=\"noopener\"><strong><em>aqui<\/em><\/strong><\/a>[\/vc_column_text][\/vc_column_inner][vc_column_inner width=&#8221;1\/2&#8243;][vc_column_text]Em 2022, um dos oradores descobertos e introduzido a comunidade TEDx e TED pela primeira vez chegou a beneficiar do programa TED Fellow ver aqui a sua palestra na TED 2022 (<a href=\"https:\/\/www.ted.com\/talks\/adjany_costa_lasting_conservation_led_by_indigenous_heritage\" target=\"_blank\" rel=\"noopener\"><strong><em>assista aqui<\/em><\/strong><\/a>)\u00a0\u2013 recomendamos ler a entrevista \u201c<a href=\"https:\/\/blog.ted.com\/how-tedxluanda-is-helping-to-rewrite-angolas-next-chapter\/\" target=\"_blank\" rel=\"noopener\"><strong><em>Como o TEDxLuanda est\u00e1 ajudando a reescrever o pr\u00f3ximo cap\u00edtulo de Angola, de um estado devastado pela guerra civil a um centro de inova\u00e7\u00e3o<\/em><\/strong><\/a>\u201d do mentor e curador do TEDxLuanda para o blog da TED para saber como nasceu o nosso evento e o impacto que tem causado.[\/vc_column_text][\/vc_column_inner][\/vc_row_inner][\/vc_column][\/vc_row][vc_row][vc_column width=&#8221;1\/2&#8243;][\/vc_column][\/vc_row]<\/p>\n","protected":false},"excerpt":{"rendered":"<p>[vc_row disable_element=&#8221;yes&#8221;][vc_column offset=&#8221;vc_col-lg-offset-1 vc_col-lg-10&#8243;][vc_single_image image=&#8221;2623&#8243; img_size=&#8221;large&#8221; alignment=&#8221;center&#8221;][vc_row_inner][vc_column_inner][vc_column_text css=&#8221;.vc_custom_1681143617535{margin-top: 0px !important;margin-bottom: 10px !important;padding-top: 0px !important;padding-bottom: 0px !important;}&#8221;] TEDxLuanda [\/vc_column_text][\/vc_column_inner][\/vc_row_inner][vc_row_inner][vc_column_inner width=&#8221;1\/2&#8243;][vc_column_text]Desde 2012, o TEDxLuanda \u00e9 um evento organizado localmente sob orienta\u00e7\u00e3o do TED,\u00a0 no qual fazem parte oradores nacionais e internacionais que v\u00eam partilhar as suas hist\u00f3rias, projectos e conhecimentos para uma audi\u00eancia particularmente interessada em inova\u00e7\u00e3o,&hellip;<\/p>\n","protected":false},"author":1,"featured_media":0,"parent":330,"menu_order":0,"comment_status":"closed","ping_status":"closed","template":"page-default.php","meta":[],"_links":{"self":[{"href":"https:\/\/pesdescalcoscc.org\/en\/wp-json\/wp\/v2\/pages\/2630"}],"collection":[{"href":"https:\/\/pesdescalcoscc.org\/en\/wp-json\/wp\/v2\/pages"}],"about":[{"href":"https:\/\/pesdescalcoscc.org\/en\/wp-json\/wp\/v2\/types\/page"}],"author":[{"embeddable":true,"href":"https:\/\/pesdescalcoscc.org\/en\/wp-json\/wp\/v2\/users\/1"}],"replies":[{"embeddable":true,"href":"https:\/\/pesdescalcoscc.org\/en\/wp-json\/wp\/v2\/comments?post=2630"}],"version-history":[{"count":2,"href":"https:\/\/pesdescalcoscc.org\/en\/wp-json\/wp\/v2\/pages\/2630\/revisions"}],"predecessor-version":[{"id":2633,"href":"https:\/\/pesdescalcoscc.org\/en\/wp-json\/wp\/v2\/pages\/2630\/revisions\/2633"}],"up":[{"embeddable":true,"href":"https:\/\/pesdescalcoscc.org\/en\/wp-json\/wp\/v2\/pages\/330"}],"wp:attachment":[{"href":"https:\/\/pesdescalcoscc.org\/en\/wp-json\/wp\/v2\/media?parent=2630"}],"curies":[{"name":"wp","href":"https:\/\/api.w.org\/{rel}","templated":true}]}}