{"id":2621,"date":"2023-04-10T16:10:49","date_gmt":"2023-04-10T16:10:49","guid":{"rendered":"https:\/\/pesdescalcoscc.org\/?page_id=2621"},"modified":"2023-04-10T16:10:49","modified_gmt":"2023-04-10T16:10:49","slug":"tedxluanda","status":"publish","type":"page","link":"https:\/\/pesdescalcoscc.org\/en\/tedxluanda\/","title":{"rendered":"Events"},"content":{"rendered":"<p>[vc_row][vc_column][vc_single_image image=&#8221;2623&#8243; img_size=&#8221;Full&#8221; alignment=&#8221;center&#8221; title=&#8221;TEDxLuanda&#8221;][vc_gallery][vc_empty_space][vc_basic_grid post_type=&#8221;post&#8221; max_items=&#8221;10&#8243; element_width=&#8221;12&#8243; item=&#8221;483&#8243; grid_id=&#8221;vc_gid:1681142803537-0e0f610f-118d-0&#8243; taxonomies=&#8221;85&#8243;][vc_column_text]<\/p>\n<div class=\"wpb_text_column wpb_content_element \">\n<div class=\"wpb_wrapper\">\n<p>Desde 2012, o TEDxLuanda \u00e9 um evento organizado localmente sob orienta\u00e7\u00e3o do TED,\u00a0 no qual fazem parte oradores nacionais e internacionais que v\u00eam partilhar as suas hist\u00f3rias, projectos e conhecimentos para uma audi\u00eancia particularmente interessada em inova\u00e7\u00e3o, saiba quem esta por detr\u00e1s da organiza\u00e7\u00e3o\u00a0<a href=\"https:\/\/www.tedxluanda.com\/#equipa\" target=\"_blank\" rel=\"noopener\"><strong><em>aqui<\/em><\/strong><\/a><\/p>\n<\/div>\n<\/div>\n<div class=\"wpb_text_column wpb_content_element \">\n<div class=\"wpb_wrapper\">\n<p>Em 2022, um dos oradores descobertos e introduzido a comunidade TEDx e TED pela primeira vez chegou a beneficiar do programa TED Fellow ver aqui a sua palestra na TED 2022 (<a href=\"https:\/\/www.ted.com\/talks\/adjany_costa_lasting_conservation_led_by_indigenous_heritage\" target=\"_blank\" rel=\"noopener\"><strong><em>assista aqui<\/em><\/strong><\/a>)\u00a0\u2013 recomendamos ler a entrevista \u201c<a href=\"https:\/\/blog.ted.com\/how-tedxluanda-is-helping-to-rewrite-angolas-next-chapter\/\" target=\"_blank\" rel=\"noopener\"><strong><em>Como o TEDxLuanda est\u00e1 ajudando a reescrever o pr\u00f3ximo cap\u00edtulo de Angola, de um estado devastado pela guerra civil a um centro de inova\u00e7\u00e3o<\/em><\/strong><\/a>\u201d do mentor e curador do TEDxLuanda para o blog da TED para saber como nasceu o nosso evento e o impacto que tem causado.<\/p>\n<\/div>\n<\/div>\n<p>[\/vc_column_text][\/vc_column][\/vc_row]<\/p>\n","protected":false},"excerpt":{"rendered":"<p>[vc_row][vc_column][vc_single_image image=&#8221;2623&#8243; img_size=&#8221;Full&#8221; alignment=&#8221;center&#8221; title=&#8221;TEDxLuanda&#8221;][vc_gallery][vc_empty_space][vc_basic_grid post_type=&#8221;post&#8221; max_items=&#8221;10&#8243; element_width=&#8221;12&#8243; item=&#8221;483&#8243; grid_id=&#8221;vc_gid:1681142803537-0e0f610f-118d-0&#8243; taxonomies=&#8221;85&#8243;][vc_column_text] Desde 2012, o TEDxLuanda \u00e9 um evento organizado localmente sob orienta\u00e7\u00e3o do TED,\u00a0 no qual fazem parte oradores nacionais e internacionais que v\u00eam partilhar as suas hist\u00f3rias, projectos e conhecimentos para uma audi\u00eancia particularmente interessada em inova\u00e7\u00e3o, saiba quem esta por detr\u00e1s da organiza\u00e7\u00e3o\u00a0aqui&hellip;<\/p>\n","protected":false},"author":1,"featured_media":0,"parent":0,"menu_order":0,"comment_status":"closed","ping_status":"closed","template":"page-default.php","meta":[],"_links":{"self":[{"href":"https:\/\/pesdescalcoscc.org\/en\/wp-json\/wp\/v2\/pages\/2621"}],"collection":[{"href":"https:\/\/pesdescalcoscc.org\/en\/wp-json\/wp\/v2\/pages"}],"about":[{"href":"https:\/\/pesdescalcoscc.org\/en\/wp-json\/wp\/v2\/types\/page"}],"author":[{"embeddable":true,"href":"https:\/\/pesdescalcoscc.org\/en\/wp-json\/wp\/v2\/users\/1"}],"replies":[{"embeddable":true,"href":"https:\/\/pesdescalcoscc.org\/en\/wp-json\/wp\/v2\/comments?post=2621"}],"version-history":[{"count":2,"href":"https:\/\/pesdescalcoscc.org\/en\/wp-json\/wp\/v2\/pages\/2621\/revisions"}],"predecessor-version":[{"id":2627,"href":"https:\/\/pesdescalcoscc.org\/en\/wp-json\/wp\/v2\/pages\/2621\/revisions\/2627"}],"wp:attachment":[{"href":"https:\/\/pesdescalcoscc.org\/en\/wp-json\/wp\/v2\/media?parent=2621"}],"curies":[{"name":"wp","href":"https:\/\/api.w.org\/{rel}","templated":true}]}}