{"id":190,"date":"2016-09-18T10:13:37","date_gmt":"2016-09-18T10:13:37","guid":{"rendered":"http:\/\/werkstatt.fuelthemes.net\/werkstatt-agency-modern\/?page_id=190"},"modified":"2022-08-11T17:30:47","modified_gmt":"2022-08-11T17:30:47","slug":"about","status":"publish","type":"page","link":"https:\/\/pesdescalcoscc.org\/en\/about\/","title":{"rendered":"About"},"content":{"rendered":"<p>[vc_row][vc_column offset=&#8221;vc_col-lg-offset-0&#8243;]<img width=\"1598\" height=\"406\" src=\"https:\/\/pesdescalcoscc.org\/wp2022\/wp-content\/uploads\/2019\/06\/Untitled-3.jpg\" class=\"thb_image animation fade-in left full  attachment-full\" alt=\"\" decoding=\"async\" loading=\"lazy\" title=\"Untitled-3\" srcset=\"https:\/\/pesdescalcoscc.org\/wp2022\/wp-content\/uploads\/2019\/06\/Untitled-3.jpg 1598w, https:\/\/pesdescalcoscc.org\/wp2022\/wp-content\/uploads\/2019\/06\/Untitled-3-768x195.jpg 768w, https:\/\/pesdescalcoscc.org\/wp2022\/wp-content\/uploads\/2019\/06\/Untitled-3-1024x260.jpg 1024w, https:\/\/pesdescalcoscc.org\/wp2022\/wp-content\/uploads\/2019\/06\/Untitled-3-600x152.jpg 600w\" sizes=\"(max-width: 1598px) 100vw, 1598px\" \/>[\/vc_column][\/vc_row][vc_row el_class=&#8221;align-center&#8221; css=&#8221;.vc_custom_1474624365002{padding-top: 4% !important;padding-bottom: 4% !important;}&#8221;][vc_column][vc_column_text]<\/p>\n<h2>P\u00e9s Descal\u00e7os<\/h2>\n<p style=\"text-align: justify;\">A P\u00e9s Descal\u00e7os \u00e9 um colectivo cultural e filantr\u00f3pico de desenvolvimento e promo\u00e7\u00e3o de projectos com incid\u00eancia nas artes. Vem complementar a necessidade de interven\u00e7\u00e3o e abordagem de uma maneira sustentada e fundamentada para potencializar o movimento cultural em Angola.<\/p>\n<p style=\"text-align: justify;\">O Colectivo foi formado em 2012 e, desde ent\u00e3o, tem vindo a criar plataformas de colabora\u00e7\u00e3o e estudos para capacitar, educar, partilhar, desenvolver e promover projectos e iniciativas culturais nas suas mais variadas vertentes.<\/p>\n<p style=\"text-align: justify;\">O Colectivo surgiu para complementar a necessidade de interven\u00e7\u00e3o e abordagem de uma maneira sustentada e fundamentada para de potencializar o movimento cultural em Angola com actividades de cariz sociocultural e com objectivos n\u00e3o comerciais, sendo que um dos principais objectivos \u00e9 promover e fomentar as artes, pesquisa, documenta\u00e7\u00e3o e a cultura angolana nas suas diversas manifesta\u00e7\u00f5es.<\/p>\n<p style=\"text-align: justify;\">A P\u00e9s Descal\u00e7os \u00e9 respons\u00e1vel pela gest\u00e3o, realiza\u00e7\u00e3o e produ\u00e7\u00e3o do <a href=\"http:\/\/tedxluanda.com\">TEDxLuanda<\/a> \u2013 plataforma internacional de partilha de ideias. Organizam, tamb\u00e9m, as Conversas P\u00e9s Descal\u00e7os, projecto que tem por objectivo engajar uma audi\u00eancia amante das artes, promover pensamento cr\u00edtico, e, consequentemente, desenvolver uma larga rede de contactos e conhecimentos partilhados, ao mesmo tempo que se divulga a um p\u00fablico mais alargado o conhecimento da \u00e1rea e das pessoas que nela trabalham, e as formas diversas de subsist\u00eancia. Na \u00e1rea da forma\u00e7\u00e3o deram in\u00edcio, recentemente, ao Workshop de Escrita e Ilustra\u00e7\u00e3o. A forma\u00e7\u00e3o\/educa\u00e7\u00e3o \u00e9 uma \u00e1rea que interessa particularmente ao colectivo, enquanto instrumento para a partilha de conhecimento (sem custos, sempre que poss\u00edvel).<\/p>\n<p>[\/vc_column_text][vc_row_inner][vc_column_inner width=&#8221;1\/4&#8243;][vc_column_text]<\/p>\n<h2><span style=\"color: #000000;\"><strong>Objectivos<\/strong><\/span><\/h2>\n<p>Cria\u00e7\u00e3o de plataformas de colabora\u00e7\u00e3o e estudos para capacita\u00e7\u00e3o, educar,\u00a0 partilhar, desenvolver e promover projectos e iniciativas culturais nas suas mais variadas vertentes.[\/vc_column_text][\/vc_column_inner][vc_column_inner width=&#8221;1\/4&#8243;][vc_column_text]<\/p>\n<h2><span style=\"color: #000000;\"><strong>Vis\u00e3o<\/strong><\/span><\/h2>\n<p>Criar e desenvolver projectos locais com foco regional num contexto global.[\/vc_column_text][\/vc_column_inner][vc_column_inner width=&#8221;1\/4&#8243;][vc_column_text]<\/p>\n<h2><strong><span style=\"color: #000000;\">O Que Fazemos<\/span><\/strong><\/h2>\n<p>Criamos e desenvolvemos projectos, de forma sustent\u00e1veis em todas vertentes culturais: Eventos, Curadoria, Consultoria Cultural e Criativa, Publica\u00e7\u00e3o, Estudos, Desenvolvimento de Projectos Culturais, Direc\u00e7\u00e3o de Arte, Forma\u00e7\u00e3o, Produ\u00e7\u00e3o Art\u00edstica, Colabora\u00e7\u00e3o, Aconselhamento e Elabora\u00e7\u00e3o de Estrat\u00e9gias,<br \/>\ne Oficinas\/Workshops de Arte.[\/vc_column_text][\/vc_column_inner][vc_column_inner width=&#8221;1\/4&#8243;][vc_column_text]<\/p>\n<h2><span style=\"color: #000000;\"><strong>Membros<\/strong><\/span><\/h2>\n<p style=\"text-align: left;\">Os membros efectivos do colectivo s\u00e3o: <a href=\"https:\/\/web.facebook.com\/januario.jano\/\">Janu\u00e1rio Jano<\/a> , <a href=\"https:\/\/nsalucombo.wordpress.com\">Ngoi Salucombo<\/a> e\u00a0<a href=\"https:\/\/web.facebook.com\/tasteblackhistory\/\">Natacha Mendes<\/a><\/p>\n<p>[\/vc_column_text][\/vc_column_inner][\/vc_row_inner][\/vc_column][\/vc_row][vc_row][vc_column][vc_column_text]<\/p>\n<h2>Team<\/h2>\n<p>[\/vc_column_text][\/vc_column][\/vc_row][vc_row][vc_column width=&#8221;1\/4&#8243;]<img width=\"700\" height=\"467\" src=\"https:\/\/pesdescalcoscc.org\/wp2022\/wp-content\/uploads\/2019\/03\/JanuarioJano-e1553768569205.jpg\" class=\"thb_image animation fade-in left full  attachment-full\" alt=\"\" decoding=\"async\" loading=\"lazy\" title=\"JanuarioJano\" srcset=\"https:\/\/pesdescalcoscc.org\/wp2022\/wp-content\/uploads\/2019\/03\/JanuarioJano-e1553768569205.jpg 700w, https:\/\/pesdescalcoscc.org\/wp2022\/wp-content\/uploads\/2019\/03\/JanuarioJano-e1553768569205-600x400.jpg 600w\" sizes=\"(max-width: 700px) 100vw, 700px\" \/>[vc_column_text]<\/p>\n<p style=\"text-align: center;\">Janu\u00e1rio Jano<\/p>\n<p>[\/vc_column_text][\/vc_column][vc_column][vc_single_image][\/vc_column][\/vc_row][vc_row][vc_column width=&#8221;1\/4&#8243;]<img width=\"700\" height=\"467\" src=\"https:\/\/pesdescalcoscc.org\/wp2022\/wp-content\/uploads\/2019\/03\/Ngoi.jpg\" class=\"thb_image animation fade-in left full  attachment-full\" alt=\"\" decoding=\"async\" loading=\"lazy\" title=\"Ngoi\" srcset=\"https:\/\/pesdescalcoscc.org\/wp2022\/wp-content\/uploads\/2019\/03\/Ngoi.jpg 700w, https:\/\/pesdescalcoscc.org\/wp2022\/wp-content\/uploads\/2019\/03\/Ngoi-600x400.jpg 600w\" sizes=\"(max-width: 700px) 100vw, 700px\" \/>[vc_column_text]<\/p>\n<p style=\"text-align: center;\">Ngoi Salucombo<\/p>\n<p>[\/vc_column_text][\/vc_column][vc_column width=&#8221;1\/4&#8243;]<img width=\"700\" height=\"467\" src=\"https:\/\/pesdescalcoscc.org\/wp2022\/wp-content\/uploads\/2019\/06\/Natacha_Mendes-1.jpg\" class=\"thb_image animation fade-in left full  attachment-full\" alt=\"\" decoding=\"async\" loading=\"lazy\" title=\"Natacha_Mendes\" srcset=\"https:\/\/pesdescalcoscc.org\/wp2022\/wp-content\/uploads\/2019\/06\/Natacha_Mendes-1.jpg 700w, https:\/\/pesdescalcoscc.org\/wp2022\/wp-content\/uploads\/2019\/06\/Natacha_Mendes-1-600x400.jpg 600w\" sizes=\"(max-width: 700px) 100vw, 700px\" \/>[vc_column_text]<\/p>\n<p style=\"text-align: center;\">Natacha Mendes<\/p>\n<p>[\/vc_column_text][\/vc_column][\/vc_row]<\/p>\n","protected":false},"excerpt":{"rendered":"<p>[vc_row][vc_column offset=&#8221;vc_col-lg-offset-0&#8243;][\/vc_column][\/vc_row][vc_row el_class=&#8221;align-center&#8221; css=&#8221;.vc_custom_1474624365002{padding-top: 4% !important;padding-bottom: 4% !important;}&#8221;][vc_column][vc_column_text] P\u00e9s Descal\u00e7os A P\u00e9s Descal\u00e7os \u00e9 um colectivo cultural e filantr\u00f3pico de desenvolvimento e promo\u00e7\u00e3o de projectos com incid\u00eancia nas artes. Vem complementar a necessidade de interven\u00e7\u00e3o e abordagem de uma maneira sustentada e fundamentada para potencializar o movimento cultural em Angola. O Colectivo foi formado em&hellip;<\/p>\n","protected":false},"author":1,"featured_media":0,"parent":0,"menu_order":0,"comment_status":"closed","ping_status":"closed","template":"page-default.php","meta":[],"_links":{"self":[{"href":"https:\/\/pesdescalcoscc.org\/en\/wp-json\/wp\/v2\/pages\/190"}],"collection":[{"href":"https:\/\/pesdescalcoscc.org\/en\/wp-json\/wp\/v2\/pages"}],"about":[{"href":"https:\/\/pesdescalcoscc.org\/en\/wp-json\/wp\/v2\/types\/page"}],"author":[{"embeddable":true,"href":"https:\/\/pesdescalcoscc.org\/en\/wp-json\/wp\/v2\/users\/1"}],"replies":[{"embeddable":true,"href":"https:\/\/pesdescalcoscc.org\/en\/wp-json\/wp\/v2\/comments?post=190"}],"version-history":[{"count":70,"href":"https:\/\/pesdescalcoscc.org\/en\/wp-json\/wp\/v2\/pages\/190\/revisions"}],"predecessor-version":[{"id":2083,"href":"https:\/\/pesdescalcoscc.org\/en\/wp-json\/wp\/v2\/pages\/190\/revisions\/2083"}],"wp:attachment":[{"href":"https:\/\/pesdescalcoscc.org\/en\/wp-json\/wp\/v2\/media?parent=190"}],"curies":[{"name":"wp","href":"https:\/\/api.w.org\/{rel}","templated":true}]}}